{"id":26,"date":"2016-12-11T09:43:05","date_gmt":"2016-12-11T08:43:05","guid":{"rendered":"http:\/\/www.aufkleber-druck-profi.de\/?page_id=26"},"modified":"2018-05-24T13:20:00","modified_gmt":"2018-05-24T11:20:00","slug":"impressum","status":"publish","type":"page","link":"http:\/\/schauwerbegestalter-profi.de\/?page_id=26","title":{"rendered":"Impressum \/ Datenschutz"},"content":{"rendered":"<h1 class=\"entry-title\"><b>Die Profi-Domain http:\/\/schauwerbegestalter-profi.de geh\u00f6rt zu der<\/b><\/h1>\n<div class=\"entry-content\">\n<p><strong>Unternehmensgruppe der <a href=\"http:\/\/www.idee-produktion.de\/\">idee-produktion.de<\/a> GmbH<\/strong><\/p>\n<p><strong>Angaben gem\u00e4\u00df \u00a7 5 TMG:<br \/>\n<\/strong>idee-produktion.de GmbH<br \/>\nHeinkelstra\u00dfe 1-3<br \/>\n30827 Garbsen OT Berenbostel<\/p>\n<p><b>Vertreten durch:<br \/>\n<\/b>Peter Langwost<br \/>\nDipl.- Kommunikationswirt, staatl. gepr\u00fcft<br \/>\nGesch\u00e4ftsf\u00fchrer, Werbetechniker<\/p>\n<p><b>Kontakt:<br \/>\n<\/b>Telefon: +49 (0) 511\/9200 000<br \/>\nHomepage: http:\/\/schauwerbegestalter-profi.de<br \/>\nEmail: info@schauwerbegestalter-profi.de<\/p>\n<p><b>Registereintrag:<br \/>\n<\/b>Eintragung im Handelsregister<br \/>\nRegistergericht: Amtsgericht Hannover<br \/>\nRegisternummer: HRB 110310<\/p>\n<p><b>Umsatzsteuer-ID:<br \/>\n<\/b>Umsatzsteuer-Identifikationsnummer gem\u00e4\u00df \u00a727 a Umsatzsteuergesetz:<br \/>\nDE 246 291 028<\/p>\n<p><b>Verantwortlich f\u00fcr den Inhalt nach \u00a7 55 Abs. 2 RStV:<br \/>\n<\/b>Peter Langwost<\/p>\n<p><strong>Bildmaterial\/Quellenangabe:<\/strong><br \/>\nBilder\/Fotos aus dem Archiv der idee-produktion.de GmbH<br \/>\nund mit Lizenz von Shutterstock.com.<\/p>\n<p><strong>Haftungsausschluss:<br \/>\n<\/strong>Die Inhalte unserer Seiten wurden mit gr\u00f6\u00dfter Sorgfalt erstellt. F\u00fcr die Richtigkeit, Vollst\u00e4ndigkeit und Aktualit\u00e4t der Inhalte k\u00f6nnen wir jedoch keine Gew\u00e4hr \u00fcbernehmen. Als Diensteanbieter sind wir gem\u00e4\u00df \u00a7 7 Abs.1 TMG f\u00fcr eigene Inhalte auf diesen Seiten nach den allgemeinen Gesetzen verantwortlich. Nach \u00a7\u00a7 8 bis 10 TMG sind wir als Diensteanbieter jedoch nicht verpflichtet, \u00fcbermittelte oder gespeicherte fremde Informationen zu \u00fcberwachen oder nach Umst\u00e4nden zu forschen, die auf eine rechtswidrige T\u00e4tigkeit hinweisen. Verpflichtungen zur Entfernung oder Sperrung der Nutzung von Informationen nach den allgemeinen Gesetzen bleiben hiervon unber\u00fchrt. Eine diesbez\u00fcgliche Haftung ist jedoch erst ab dem Zeitpunkt der Kenntnis einer konkreten Rechtsverletzung m\u00f6glich. Bei Bekanntwerden von entsprechenden Rechtsverletzungen werden wir diese Inhalte umgehend entfernen.<\/p>\n<p><b>Haftung f\u00fcr Links<br \/>\n<\/b>Unser Angebot enth\u00e4lt Links zu externen Webseiten Dritter, auf deren Inhalte wir keinen Einfluss haben. Deshalb k\u00f6nnen wir f\u00fcr diese fremden Inhalte auch keine Gew\u00e4hr \u00fcbernehmen. F\u00fcr die Inhalte der verlinkten Seiten ist stets der jeweilige Anbieter oder Betreiber der Seiten verantwortlich. Die verlinkten Seiten wurden zum Zeitpunkt der Verlinkung auf m\u00f6gliche Rechtsverst\u00f6\u00dfe \u00fcberpr\u00fcft. Rechtswidrige Inhalte waren zum Zeitpunkt der Verlinkung nicht erkennbar. Eine permanente inhaltliche Kontrolle der verlinkten Seiten ist jedoch ohne konkrete Anhaltspunkte einer Rechtsverletzung nicht zumutbar. Bei Bekanntwerden von Rechtsverletzungen werden wir derartige Links umgehend entfernen.<\/p>\n<p><b>Urheberrecht<br \/>\n<\/b>Die durch die Seitenbetreiber erstellten Inhalte und Werke auf diesen Seiten unterliegen dem deutschen Urheberrecht. Die Vervielf\u00e4ltigung, Bearbeitung, Verbreitung und jede Art der Verwertung au\u00dferhalb der Grenzen des Urheberrechtes bed\u00fcrfen der schriftlichen Zustimmung des jeweiligen Autors bzw. Erstellers. Downloads und Kopien dieser Seite sind nur f\u00fcr den privaten, nicht kommerziellen Gebrauch gestattet. Soweit die Inhalte auf dieser Seite nicht vom Betreiber erstellt wurden, werden die Urheberrechte Dritter beachtet. Insbesondere werden Inhalte Dritter als solche gekennzeichnet. Sollten Sie trotzdem auf eine Urheberrechtsverletzung aufmerksam werden, bitten wir um einen entsprechenden Hinweis. Bei Bekanntwerden von Rechtsverletzungen werden wir derartige Inhalte umgehend entfernen.<\/p>\n<p><b>Datenschutz<br \/>\n<\/b>Die Nutzung unserer Webseite ist in der Regel ohne Angabe personenbezogener Daten m\u00f6glich. Soweit auf unseren Seiten personenbezogene Daten (beispielsweise Name, Anschrift oder eMail-Adressen) erhoben werden, erfolgt dies, soweit m\u00f6glich, stets auf freiwilliger Basis. Diese Daten werden ohne Ihre ausdr\u00fcckliche Zustimmung nicht an Dritte weitergegeben.<\/p>\n<p>Wir weisen darauf hin, dass die Daten\u00fcbertragung im Internet (z.B. bei der Kommunikation per E-Mail) Sicherheitsl\u00fccken aufweisen kann. Ein l\u00fcckenloser Schutz der Daten vor dem Zugriff durch Dritte ist nicht m\u00f6glich.<\/p>\n<p>Der Nutzung von im Rahmen der Impressumspflicht ver\u00f6ffentlichten Kontaktdaten durch Dritte zur \u00dcbersendung von nicht ausdr\u00fccklich angeforderter Werbung und Informationsmaterialien wird hiermit ausdr\u00fccklich widersprochen. Die Betreiber der Seiten behalten sich ausdr\u00fccklich rechtliche Schritte im Falle der unverlangten Zusendung von Werbeinformationen, etwa durch Spam-Mails, vor.<\/p>\n<div>\n<div>Wir, die <a href=\"http:\/\/idee-produktion.de\/\">idee-produktion.de<\/a> GmbH nehmen den Schutz Ihrer pers\u00f6nlichen Daten<br \/>\nsehr ernst und halten uns strikt an die Regeln der Datenschutzgesetze.<\/div>\n<div>Personenbezogene Daten werden auf dieser Webseite nur im technisch notwendigen<br \/>\nUmfang erhoben. In keinem Fall werden die erhobenen Daten verkauft oder aus<br \/>\nanderen Gr\u00fcnden an Dritte weitergegeben.<\/div>\n<div>Die nachfolgende Erkl\u00e4rung gibt Ihnen einen \u00dcberblick dar\u00fcber, wie wir diesen Schutz<br \/>\ngew\u00e4hrleisten und welche Art von Daten zu welchem Zweck erhoben werden.<\/div>\n<div><strong>Datenverarbeitung auf dieser Internetseite<\/strong><br \/>\nDie <a href=\"http:\/\/idee-produktion.de\/\">idee-produktion.de<\/a> GmbH erhebt und speichert automatisch in ihren Server Log Files Informationen, die Ihr Browser an uns \u00fcbermittelt.<\/div>\n<div>Dies sind:<\/div>\n<ul>\n<li>Browsertyp\/ -version<\/li>\n<li>verwendetes Betriebssystem<\/li>\n<li>Referrer URL (die zuvor besuchte Seite)<\/li>\n<li>Hostname des zugreifenden Rechners (IP Adresse)<\/li>\n<li>Uhrzeit der Serveranfrage.<\/li>\n<\/ul>\n<div>Diese Daten sind f\u00fcr die <a href=\"http:\/\/idee-produktion.de\/\">idee-produktion.de<\/a> GmbH nicht bestimmten Personen<br \/>\nzuordbar. Eine Zusammenf\u00fchrung dieser Daten mit anderen Datenquellen<br \/>\nwird nicht vorgenommen, die Daten werden zudem nach einer statistischen<br \/>\nAuswertung gel\u00f6scht.<\/div>\n<div><\/div>\n<div><strong>Cookies<\/strong><br \/>\nDie Internetseiten verwenden an mehreren Stellen so genannte Cookies. Sie dienen dazu, unser Angebot nutzerfreundlicher, effektiver und sicherer zu machen. Cookies sind kleine Textdateien, die auf Ihrem Rechner abgelegt werden und die Ihr Browser speichert. Die meisten der von uns verwendeten Cookies sind so genannte \u201eSession-Cookies\u201c. Sie werden nach Ende Ihres Besuchs automatisch gel\u00f6scht. Cookies richten auf Ihrem Rechner keinen Schaden an und enthalten keine Viren.<\/div>\n<div>Auskunftsrecht<br \/>\nSie haben jederzeit das Recht auf Auskunft \u00fcber die bez\u00fcglich Ihrer Person gespeicherten Daten, deren Herkunft und Empf\u00e4nger sowie den Zweck der Speicherung. Auskunft \u00fcber die gespeicherten Daten gibt der Datenschutzbeauftragte <a href=\"http:\/\/idee-produktion.de\/\">idee-produktion.de<\/a> GmbH, Herr Peter Langwost, info@langwost.de.<\/div>\n<div><\/div>\n<div><strong>Kontaktformular<\/strong><br \/>\nWenn Sie uns per Kontaktformular Anfragen zukommen lassen, werden Ihre Angaben aus dem Anfrageformular inklusive der von Ihnen dort angegebenen Kontaktdaten zwecks Bearbeitung der Anfrage und f\u00fcr den Fall von Anschlussfragen bei uns gespeichert.<br \/>\nDiese Daten geben wir nicht ohne Ihre Einwilligung weiter.<\/div>\n<div><strong><br \/>\nGoogle Analytics<\/strong><br \/>\nDiese Website nutzt Funktionen des Webanalysedienstes Google Analytics. Anbieter ist die Google Inc., 1600 Amphitheatre Parkway Mountain View, CA 94043, USA. Google Analytics verwendet so genannte \u201eCookies\u201c. Das sind Textdateien, die auf Ihrem Computer gespeichert werden und die eine Analyse der Benutzung der Website durch Sie erm\u00f6glichen. Die durch den Cookie erzeugten Informationen \u00fcber Ihre Benutzung dieser Website werden in der Regel an einen Server von Google in den USA \u00fcbertragen und dort gespeichert.<\/div>\n<div><strong>Browser Plugin<\/strong><br \/>\nSie k\u00f6nnen die Speicherung der Cookies durch eine entsprechende Einstellung Ihrer Browser-Software verhindern; wir weisen Sie jedoch darauf hin, dass Sie in diesem Fall gegebenenfalls nicht s\u00e4mtliche Funktionen dieser Website vollumf\u00e4nglich werden nutzen k\u00f6nnen. Sie k\u00f6nnen dar\u00fcber hinaus die Erfassung der durch den Cookie erzeugten und auf Ihre Nutzung der Website bezogenen Daten (inkl. Ihrer IP-Adresse) an Google sowie die Verarbeitung dieser Daten durch Google verhindern, indem Sie das unter dem folgenden Link verf\u00fcgbare Browser-Plugin herunterladen und installieren: <a href=\"https:\/\/tools.google.com\/dlpage\/gaoptout?hl=de\">https:\/\/tools.google.com\/dlpage\/gaoptout?hl=de<\/a><\/div>\n<div><strong>Widerspruch gegen Datenerfassung<\/strong><br \/>\nSie k\u00f6nnen die Erfassung Ihrer Daten durch Google Analytics verhindern, indem Sie auf folgenden Link klicken. Es wird ein Opt-Out-Cookie gesetzt, der die Erfassung Ihrer Daten bei zuk\u00fcnftigen Besuchen dieser Website verhindert: Google Analytics deaktivieren<br \/>\nMehr Informationen<br \/>\nzum Umgang mit Nutzerdaten bei Google Analytics finden Sie in der Datenschutzerkl\u00e4rung von Google: <a href=\"https:\/\/support.google.com\/analytics\/answer\/6004245?hl=de\">https:\/\/support.google.com\/analytics\/answer\/6004245?hl=de<\/a><\/div>\n<div><\/div>\n<div><strong>Weitere Informationen<\/strong><br \/>\nIhr Vertrauen ist uns wichtig. Daher m\u00f6chten wir Ihnen jederzeit Rede und Antwort bez\u00fcglich der Verarbeitung Ihrer personenbezogenen Daten stehen. Wenn Sie Fragen haben, die Ihnen diese Datenschutzerkl\u00e4rung nicht beantworten konnte oder wenn Sie zu einem Punkt vertiefte Informationen w\u00fcnschen, wenden Sie sich bitte jederzeit an: <a href=\"http:\/\/idee-produktion.de\/\">idee-produktion.de<\/a> GmbH,<br \/>\nHerr Peter Langwost, <a href=\"mailto:z.zaporowski@l-shop.de\">i<\/a><a href=\"mailto:nfo@langwost.de\">nfo@langwost.de<\/a>.<\/div>\n<\/div>\n<div>\n<div>\n<div>\n<div>\n<div>\n<p><span style=\"color: #222222;\">Hiermit <\/span>kl\u00e4ren wir Sie als f\u00fcr die Datenverarbeitung Verantwortliche gem\u00e4\u00df den Vorgaben der Verordnung (EU) 2016\/679 (Datenschutz-Grundverordnung \u2013 DSGVO) \u00fcber Art, Umfang und Zweck der Verarbeitung personenbezogener Daten im Zusammenhang mit unserem Internetangebot auf.<\/p>\n<\/div>\n<\/div>\n<\/div>\n<\/div>\n<div>\n<div>\n<div>\n<div>\n<p><strong>I. Begriffsbestimmungen<\/strong><\/p>\n<ol>\n<li>\u201epersonenbezogene Daten\u201c sind alle Informationen, die sich auf eine identifizierte oder identifizierbare nat\u00fcrliche Person beziehen; als identifizierbar wird eine nat\u00fcrliche Person angesehen, die direkt oder indirekt, insbesondere mittels Zuordnung zu einer Kennung wie einem Namen, zu einer Kennnummer, zu Standortdaten, zu einer Online-Kennung oder zu einem oder mehreren besonderen Merkmalen identifiziert werden kann, die Ausdruck der physischen, physiologischen, genetischen, psychischen, wirtschaftlichen, kulturellen oder sozialen Identit\u00e4t dieser nat\u00fcrlichen Person sind;<\/li>\n<li>\u201eVerarbeitung\u201c ist jeder mit oder ohne Hilfe automatisierter Verfahren ausgef\u00fchrten Vorgang oder jede solche Vorgangsreihe im Zusammenhang mit personenbezogenen Daten wie das Erheben, das Erfassen, die Organisation, das Ordnen, die Speicherung, die Anpassung oder Ver\u00e4nderung, das Auslesen, das Abfragen, die Verwendung, die Offenlegung durch \u00dcbermittlung, Verbreitung oder eine andere Form der Bereitstellung, den Abgleich oder die Verkn\u00fcpfung, die Einschr\u00e4nkung, das L\u00f6schen oder die Vernichtung;<\/li>\n<li>\u201eVerantwortlicher\u201c ist die nat\u00fcrliche oder juristische Person, Beh\u00f6rde, Einrichtung oder andere Stelle, die allein oder gemeinsam mit anderen \u00fcber die Zwecke und Mittel der Verarbeitung von personenbezogenen Daten entscheidet; sind die Zwecke und Mittel dieser Verarbeitung durch das Unionsrecht oder das Recht der Mitgliedstaaten vorgegeben, so k\u00f6nnen der Verantwortliche beziehungsweise die bestimmten Kriterien seiner Benennung nach dem Unionsrecht oder dem Recht der Mitgliedstaaten vorgesehen werden;<\/li>\n<li>\u201eEmpf\u00e4nger\u201c ist eine nat\u00fcrliche oder juristische Person, Beh\u00f6rde, Einrichtung oder andere Stelle, denen personenbezogene Daten offengelegt werden, unabh\u00e4ngig davon, ob es sich bei ihr um einen Dritten handelt oder nicht. Beh\u00f6rden, die im Rahmen eines bestimmten Untersuchungsauftrags nach dem Unionsrecht oder dem Recht der Mitgliedstaaten m\u00f6glicherweise personenbezogene Daten erhalten, gelten jedoch nicht als Empf\u00e4nger; die Verarbeitung dieser Daten durch die genannten Beh\u00f6rden erfolgt im Einklang mit den geltenden Datenschutzvorschriften gem\u00e4\u00df den Zwecken der Verarbeitung;<\/li>\n<\/ol>\n<p><strong>II. Allgemeine Informationen<\/strong><\/p>\n<\/div>\n<div><strong><strong>Verantwortlicher f\u00fcr die Datenverarbeitung und <\/strong><strong>des betrieblichen Datenschutzbeauftragten:<\/strong><br \/>\n<\/strong>idee-produktion.de GmbH, Heinkelstr.1-3, 30827 Garbsen<\/div>\n<div><\/div>\n<div><strong>Rechtsgrundlagen<\/strong><br \/>\nWir verarbeiten personenbezogene Daten auf Basis mindestens einer der folgenden Rechtsgrundlagen.<\/p>\n<ul>\n<li>Einwilligung der betroffenen Person in der Verarbeitung der sie betreffenden personenbezogenen Daten f\u00fcr einen oder mehrere bestimmte Zwecke (Art. 6 Abs. 1 S. 1 lit. a DSGVO);<\/li>\n<li>Erf\u00fcllung eines Vertrags mit der betroffenen Person oder zur Durchf\u00fchrung vorvertraglicher Ma\u00dfnahmen, die auf Anfrage der betroffenen Person erfolgen (Art. 6 Abs. 1 S. 1 lit. b DSGVO);<\/li>\n<li>Erf\u00fcllung einer rechtlichen Verpflichtung, der wir unterliegen (Art. 6 Abs. 1 S. 1 lit. c DSGVO);<\/li>\n<li>Wahrung unserer berechtigter Interessen oder denen eines Dritten (Art. 6 Abs. 1 S. 1 lit. f DSGVO)<\/li>\n<\/ul>\n<p>In dieser Datenschutzerkl\u00e4rung weisen wir nachfolgend auf die jeweilige Rechtsgrundlage einzelner Verarbeitungsvorg\u00e4nge hin.<strong><br \/>\n<\/strong><\/p>\n<\/div>\n<div><b>Weitergabe von Daten an Empf\u00e4nger<\/b><br \/>\nWir geben personenbezogene Daten an Empf\u00e4nger (Auftragsverarbeiter oder sonstige Dritte) nur im erforderlichen Umfang und nur unter einer der folgenden Voraussetzungen weiter:<\/p>\n<ul>\n<li>Die betroffene Person hat in die Weitergabe eingewilligt;<\/li>\n<li>Die Weitergabe dient der Erf\u00fcllung vertraglicher Pflichten oder vorvertraglicher Ma\u00dfnahmen auf Veranlassung der betroffenen Person;<\/li>\n<li>Wir sind zur Weitergabe rechtlich verpflichtet;<\/li>\n<li value=\"5\">Die Weitergabe erfolgt aufgrund berechtigter Interessen von uns oder eines Dritten<br \/>\n<strong><br \/>\n<\/strong><strong>Drittl\u00e4nder<\/strong><\/li>\n<\/ul>\n<p>Die \u00dcbermittlung personenbezogener Daten in ein Land oder eine internationale Organisation au\u00dferhalb der Europ\u00e4ischen Union (EU) oder des Europ\u00e4ischen Wirtschaftsraums (EWR) erfolgt vorbehaltlich gesetzlicher oder vertraglicher Erlaubnisse nur nach den Voraussetzungen nach Art. 44 ff. DSGVO. Das bedeutet, dass f\u00fcr das betreffende Land ein Angemessenheitsbeschluss der EU-Kommission nach Art. 45 DSGVO vorliegt, geeignete Garantien f\u00fcr den Datenschutz nach Art. 46 DSGVO oder verbindliche interne Datenschutzvorschriften nach Art. 47 DSGVO bestehen.<\/p>\n<p><strong>Betroffenenrechte<\/strong><\/p>\n<p>Als Betroffener haben Sie folgende Rechte:<\/p>\n<ul>\n<li>gem\u00e4\u00df Art. 15 DSGVO k\u00f6nnen Sie Auskunft \u00fcber Ihre von uns verarbeiteten personenbezogenen Daten verlangen; ferner k\u00f6nnen Sie Auskunft verlangen bzgl. der Verarbeitungszwecke, der Kategorien der verarbeiteten personenbezogenen Daten, die Empf\u00e4nger oder Kategorien von Empf\u00e4ngern, gegen\u00fcber denen Ihre Daten offengelegt wurden oder noch offengelegt werden, die geplante Speicherdauer bzw. die Kriterien f\u00fcr die Bestimmung der Speicherdauer, die Herkunft ihrer Daten, sofern diese nicht bei Ihnen erhoben wurden, das Bestehen einer automatisierten Entscheidungsfindung einschlie\u00dflich Profiling und ggf. aussagekr\u00e4ftigen Informationen zu deren Einzelheiten wie Logik, Tragweite und Auswirkungen, das Bestehen eines Rechts auf Berichtigung oder L\u00f6schung der Sie betreffenden Daten, das Recht auf Einschr\u00e4nkung der Verarbeitung oder Widerspruch gegen diese Verarbeitung, das Bestehen eines Beschwerderechts bei der Aufsichtsbeh\u00f6rde; schlie\u00dflich steht Ihnen ein Recht auf Auskunft zu, ob personenbezogene Daten an ein Drittland oder an eine internationale Organisation \u00fcbermittelt wurden und \u2013 falls dies der Fall ist \u2013 \u00fcber die geeigneten Garantien im Zusammenhang mit der \u00dcbermittlung;<\/li>\n<\/ul>\n<ul>\n<li>gem\u00e4\u00df Art. 16 DSGVO k\u00f6nnen Sie die unverz\u00fcgliche Berichtigung unrichtiger oder die Vervollst\u00e4ndigung Ihrer bei uns gespeicherten personenbezogenen Daten verlangen;<\/li>\n<\/ul>\n<ul>\n<li>gem\u00e4\u00df Art. 17 DSGVO k\u00f6nnen Sie die L\u00f6schung Ihrer bei uns gespeicherten personenbezogenen Daten verlangen, soweit nicht die Verarbeitung zur Aus\u00fcbung des Rechts auf freie Meinungs\u00e4u\u00dferung und Information, zur Erf\u00fcllung einer rechtlichen Verpflichtung, aus Gr\u00fcnden des \u00f6ffentlichen Interesses oder zur Geltendmachung, Aus\u00fcbung oder Verteidigung von Rechtsanspr\u00fcchen erforderlich ist;<\/li>\n<\/ul>\n<ul>\n<li>gem\u00e4\u00df Art. 18 DSGVO k\u00f6nnen Sie die Einschr\u00e4nkung der Verarbeitung Ihrer personenbezogenen Daten verlangen, soweit die Richtigkeit der Daten von Ihnen bestritten wird, die Verarbeitung unrechtm\u00e4\u00dfig ist, Sie aber deren L\u00f6schung ablehnen und wir die Daten nicht mehr ben\u00f6tigen, Sie die von uns nicht mehr ben\u00f6tigten Daten zur Geltendmachung, Aus\u00fcbung oder Verteidigung von Rechtsanspr\u00fcchen ben\u00f6tigen oder Sie gem\u00e4\u00df Art. 21 DSGVO Widerspruch gegen die Verarbeitung eingelegt haben, aber noch nicht feststeht, ob unsere berechtigten Gr\u00fcnde f\u00fcr die Datenverarbeitung Ihr Interesse \u00fcberwiegen;<\/li>\n<\/ul>\n<ul>\n<li>gem\u00e4\u00df Art. 20 DSGVO k\u00f6nnen Sie die \u00dcberlassung Ihrer personenbezogenen Daten, die Sie uns bereitgestellt haben, in einem strukturierten, g\u00e4ngigen und maschinenlesebaren Format oder die \u00dcbermittlung an einen anderen Verantwortlichen verlangen;<\/li>\n<li>gem\u00e4\u00df Art. 21 DSGVO k\u00f6nnen Sie Widerspruch gegen die Verarbeitung Ihrer personenbezogenen Daten einlegen, soweit daf\u00fcr Gr\u00fcnde vorliegen, die sich aus Ihrer besonderen Situation ergeben oder sich der Widerspruch gegen Direktwerbung richtet und die Rechtsgrundlage f\u00fcr die Verarbeitung der personenbezogenen Daten berechtigte Interessen gem\u00e4\u00df Art. 6 Abs. 1 S. 1 lit. f DSGVO sind;<\/li>\n<li>gem\u00e4\u00df Art. 7 Abs. 3 DSGVO k\u00f6nnen Sie Ihre einmal erteilte Einwilligung jederzeit gegen\u00fcber uns widerrufen. Dies hat zur Folge, dass wir die Datenverarbeitung, die auf dieser Einwilligung beruhte, f\u00fcr die Zukunft nicht mehr fortf\u00fchren d\u00fcrfen;<\/li>\n<li>gem\u00e4\u00df Art. 77 DSGVO k\u00f6nnen Sie sich bei einer Aufsichtsbeh\u00f6rde, insbesondere in dem Mitgliedstaat Ihres gew\u00f6hnlichen Aufenthaltsorts, Ihres Arbeitsplatzes oder des Orts des mutma\u00dflichen Versto\u00dfes, beschweren.<\/li>\n<\/ul>\n<p>M\u00f6chten Sie die vorstehenden Betroffenenrechte geltend machen, k\u00f6nnen Sie uns oder unseren Datenschutzbeauftragten unter den oben genannten Kontaktdaten diesbez\u00fcglich jederzeit kontaktieren.<\/p>\n<p><strong>L\u00f6schung und Einschr\u00e4nkung von personenbezogenen Daten<\/strong><\/p>\n<p>Soweit in dieser Datenschutzerkl\u00e4rung nicht f\u00fcr den Einzelfall anders geregelt, werden personenbezogene Daten gel\u00f6scht, wenn diese Daten f\u00fcr die Zwecke, f\u00fcr die sie erhoben oder auf sonstige Weise verarbeitet wurden, nicht mehr notwendig sind und der L\u00f6schung keine gesetzlichen Aufbewahrungspflichten entgegenstehen. Wir l\u00f6schen die von uns verarbeiteten personenbezogenen Daten zudem nach Art. 17 DSGVO auf Verlangen, wenn die dort vorgesehenen Voraussetzungen gegeben sind. Sind personenbezogene Daten f\u00fcr andere und gesetzlich zul\u00e4ssige Zwecke erforderlich, werden diese nicht gel\u00f6scht, sondern deren Verarbeitung nach Art. 18 DSGVO eingeschr\u00e4nkt. Im Falle der Einschr\u00e4nkung werden die Daten nicht f\u00fcr andere Zwecke verarbeitet. Das gilt beispielsweise f\u00fcr personenbezogene Daten, die aus handels- oder steuerrechtlichen Gr\u00fcnden von uns aufbewahrt werden m\u00fcssen. So werden Unterlagen nach \u00a7 257 Abs. 1 Nr. 2 und 3 HGB sowie \u00a7 147 Abs. 1 Nr. 2, 3, 5 AO f\u00fcr 6 Jahre, Unterlagen nach \u00a7 257 Abs. 1 Nr. 1 und 4 HGB sowie nach \u00a7 147 Abs. 1 Nr. 1, 4, 4a AO f\u00fcr 10 Jahre aufbewahrt.<\/p>\n<p><strong>Bewertungserinnerung per E-Mail<\/strong><\/p>\n<p>Sofern Sie uns hierzu w\u00e4hrend oder nach Ihrer Bestellung Ihre ausdr\u00fcckliche Einwilligung erteilt haben, indem Sie eine entsprechende Checkbox aktiviert oder einen hierf\u00fcr vorgesehenen Button geklickt haben, verwenden wir Ihre E-Mail-Adresse zum Zweck der Erinnerung zur Abgabe einer Bewertung Ihrer Bestellung \u00fcber das von uns eingesetzte Bewertungssystem. Die Datenverarbeitung erfolgt nach Art. 6 Abs. 1 S. 1 lit. a DSGVO auf Grundlage der von Ihnen freiwillig erteilten Einwilligung. Diese Einwilligung kann jederzeit durch eine Nachricht an uns widerrufen werden. Die in diesem Zusammenhang erhobenen Daten werden nach Erledigung Ihrer Anfrage gel\u00f6scht, soweit die Aufbewahrung nicht f\u00fcr die Dokumentation anderer Vorg\u00e4nge erforderlich ist.<\/p>\n<\/div>\n<\/div>\n<\/div>\n<\/div>\n<\/div>\n<p><b><br \/>\nDatenschutzerkl\u00e4rung f\u00fcr die Nutzung von Facebook-Plugins<br \/>\n<\/b>Auf unseren Seiten sind Plugins des sozialen Netzwerks Facebook, 1601 South California Avenue, Palo Alto, CA 94304, USA integriert. Die Facebook-Plugins erkennen Sie an dem Facebook-Logo oder dem \u201cLike-Button\u201d (\u201cGef\u00e4llt mir\u201d) auf unserer Seite. Eine \u00dcbersicht \u00fcber die Facebook-Plugins finden Sie hier:<a href=\"http:\/\/developers.facebook.com\/docs\/plugins\/\">http:\/\/developers.facebook.com\/docs\/plugins\/<\/a>.<br \/>\nWenn Sie unsere Seiten besuchen, wird \u00fcber das Plugin eine direkte Verbindung zwischen Ihrem Browser und dem Facebook-Server hergestellt. Facebook erh\u00e4lt dadurch die Information, dass Sie mit Ihrer IP-Adresse unsere Seite besucht haben. Wenn Sie den Facebook \u201cLike-Button\u201d anklicken w\u00e4hrend Sie in Ihrem Facebook-Account eingeloggt sind, k\u00f6nnen Sie die Inhalte unserer Seiten auf Ihrem Facebook-Profil verlinken. Dadurch kann Facebook den Besuch unserer Seiten Ihrem Benutzerkonto zuordnen. Wir weisen darauf hin, dass wir als Anbieter der Seiten keine Kenntnis vom Inhalt der \u00fcbermittelten Daten sowie deren Nutzung durch Facebook erhalten. Weitere Informationen hierzu finden Sie in der Datenschutzerkl\u00e4rung von facebook unter <a href=\"http:\/\/de-de.facebook.com\/policy.php\">http:\/\/de-de.facebook.com\/policy.php<\/a><\/p>\n<p>Wenn Sie nicht w\u00fcnschen, dass Facebook den Besuch unserer Seiten Ihrem Facebook-Nutzerkonto zuordnen kann, loggen Sie sich bitte aus Ihrem Facebook-Benutzerkonto aus.<\/p>\n<p><b>Datenschutzerkl\u00e4rung f\u00fcr die Nutzung von Gooogle Analytics<br \/>\n<\/b>Diese Website benutzt Google Analytics, einen Webanalysedienst der Google Inc. (\u201cGoogle\u201d). Google Analytics verwendet sog. \u201cCookies\u201d, Textdateien, die auf Ihrem Computer gespeichert werden und die eine Analyse der Benutzung der Website durch Sie erm\u00f6glicht. Die durch den Cookie erzeugten Informationen \u00fcber Ihre Benutzung diese Website (einschlie\u00dflich Ihrer IP-Adresse) wird an einen Server von Google in den USA \u00fcbertragen und dort gespeichert.<\/p>\n<p>Google wird diese Informationen benutzen, um Ihre Nutzung der Website auszuwerten, um Reports \u00fcber die Websiteaktivit\u00e4ten f\u00fcr die Websitebetreiber zusammenzustellen und um weitere mit der Websitenutzung und der Internetnutzung verbundene Dienstleistungen zu erbringen. Auch wird Google diese Informationen gegebenenfalls an Dritte \u00fcbertragen, sofern dies gesetzlich vorgeschrieben oder soweit Dritte diese Daten im Auftrag von Google verarbeiten. Google wird in keinem Fall Ihre IP-Adresse mit anderen Daten der Google in Verbindung bringen.<\/p>\n<p>Sie k\u00f6nnen die Installation der Cookies durch eine entsprechende Einstellung Ihrer Browser Software verhindern; wir weisen Sie jedoch darauf hin, dass Sie in diesem Fall gegebenenfalls nicht s\u00e4mtliche Funktionen dieser Website voll umf\u00e4nglich nutzen k\u00f6nnen. Durch die Nutzung dieser Website erkl\u00e4ren Sie sich mit der Bearbeitung der \u00fcber Sie erhobenen Daten durch Google in der zuvor beschriebenen Art und Weise und zu dem zuvor benannten Zweck einverstanden.<\/p>\n<\/div>\n<p>&nbsp;<\/p>\n","protected":false},"excerpt":{"rendered":"<p>Die Profi-Domain http:\/\/schauwerbegestalter-profi.de geh\u00f6rt zu der Unternehmensgruppe der idee-produktion.de GmbH Angaben gem\u00e4\u00df \u00a7 5 TMG: idee-produktion.de GmbH Heinkelstra\u00dfe 1-3 30827<\/p>\n","protected":false},"author":1,"featured_media":0,"parent":0,"menu_order":0,"comment_status":"closed","ping_status":"closed","template":"","meta":{"footnotes":""},"_links":{"self":[{"href":"http:\/\/schauwerbegestalter-profi.de\/index.php?rest_route=\/wp\/v2\/pages\/26"}],"collection":[{"href":"http:\/\/schauwerbegestalter-profi.de\/index.php?rest_route=\/wp\/v2\/pages"}],"about":[{"href":"http:\/\/schauwerbegestalter-profi.de\/index.php?rest_route=\/wp\/v2\/types\/page"}],"author":[{"embeddable":true,"href":"http:\/\/schauwerbegestalter-profi.de\/index.php?rest_route=\/wp\/v2\/users\/1"}],"replies":[{"embeddable":true,"href":"http:\/\/schauwerbegestalter-profi.de\/index.php?rest_route=%2Fwp%2Fv2%2Fcomments&post=26"}],"version-history":[{"count":9,"href":"http:\/\/schauwerbegestalter-profi.de\/index.php?rest_route=\/wp\/v2\/pages\/26\/revisions"}],"predecessor-version":[{"id":324,"href":"http:\/\/schauwerbegestalter-profi.de\/index.php?rest_route=\/wp\/v2\/pages\/26\/revisions\/324"}],"wp:attachment":[{"href":"http:\/\/schauwerbegestalter-profi.de\/index.php?rest_route=%2Fwp%2Fv2%2Fmedia&parent=26"}],"curies":[{"name":"wp","href":"https:\/\/api.w.org\/{rel}","templated":true}]}}